{"id":80,"date":"2020-06-01T16:15:16","date_gmt":"2020-06-01T16:15:16","guid":{"rendered":"http:\/\/example.com\/?page_id=80"},"modified":"2026-03-18T16:20:47","modified_gmt":"2026-03-18T14:20:47","slug":"mueuegitingimused","status":"publish","type":"page","link":"https:\/\/parnuloomakliinik.ee\/et\/mueuegitingimused\/","title":{"rendered":"M\u00fc\u00fcgitingimused"},"content":{"rendered":"<p><strong>Online konsultatsiooni m\u00fc\u00fcgitingimused<\/strong><\/p>\n<p>Teenuse\u00a0pakkujaks on O\u00dc Solventum, registrikood\u00a010276890, asukohaga Tallinna mnt 77, P\u00e4rnu.<\/p>\n<p>M\u00fc\u00fcgitingimused kehtivad online konsultatsiooni tellimisel.\u00a0Online konsultatsiooni hind on eurodes.\u00a0Teave online konsultatsiooni kohta on esitatud kodulehel.<\/p>\n<p>Teenuse tellimiseks tuleb klikata\u00a0avalehelt &#8220;Online konsultatsioon&#8221; nupule.\u00a0Tellimuse vormistamiseks tuleb t\u00e4ita n\u00f5utud andmev\u00e4ljad, misj\u00e4re kuvatakse ekraanile tasu suurus,\u00a0mille saab tasuda turvaliselt l\u00e4bi j\u00e4rgnevate makseviiside:<\/p>\n<ul>\n<li>Swedbank pangalink,<\/li>\n<li>SEB pangalink,<\/li>\n<li>Luminor pangalink,<\/li>\n<li>LHV pangalink,<\/li>\n<li>Coop Pank pangalink,<\/li>\n<li>Pocopay<\/li>\n<\/ul>\n<p>Makseid vahendab\u00a0<a href=\"\/%22http:\/\/www.maksekeskus.ee\/\/%22\" target=\"\\&quot;_blank\\&quot;\" rel=\"\\&quot;noopener\">Maksekeskus AS<\/a>. Tasumine toimub v\u00e4ljaspool Teenuse pakkujat\u00a0turvalises keskkonnas \u2013 pangalingiga tasumisel vastava panga turvalises keskkonnas ja krediitkaardiga tasumisel Maksekeskus AS turvalises keskkonnas. M\u00fc\u00fcjal puudub ligip\u00e4\u00e4s kliendi panga ja krediitkaardi andmetele. Leping j\u00f5ustub alates tasumisele kuuluva summa laekumisest Veebipoe arvelduskontole. Teenuse pakkuja v\u00e4ljastab ja saadab laekumise j\u00e4rgselt tellijale arve.<\/p>\n<p>Juhul kui on tellimuse eest ette makstud sisestades kaardi andmed, tagastatakse raha samale maksekaardile ning kontonumbrit eraldi sisestama ei pea.<\/p>\n<p>Teenuse pakkuja omanik on isikuandmete vastutav t\u00f6\u00f6tleja ning edastab maksete teostamiseks vajalikud isikuandmed volitatud t\u00f6\u00f6tleja Maksekeskus AS-le.\u00a0Online konsultatsiooni tellimisel ei ole kliendil teenusest taganemise \u00f5igust ja esitatud andmete p\u00f5hjal osutatakse online konsultatsiooni teenust ettn\u00e4htud korras.\u00a0Teenuse pakkuja kasutab ostja poolt sisestatud isikuandmeid ainult tellimuse t\u00f6\u00f6tlemiseks ning osutamiseks.<\/p>\n<p>Kui ostjal on Teenuse pakkuja\u00a0osas pretensioone, tuleb need saata e-kirja aadressile onlinekonsultatsioon@gmail.com.\u00a0Kui ostja ja\u00a0Teenuse pakkuja ei suuda lahendada vaidlust kokkuleppe teel, siis on ostjal v\u00f5imalik p\u00f6\u00f6rduda Tarbijavaidluste komisjoni.<\/p>\n","protected":false},"excerpt":{"rendered":"<p>Online konsultatsiooni m\u00fc\u00fcgitingimused Teenuse\u00a0pakkujaks on O\u00dc Solventum, registrikood\u00a010276890, asukohaga Tallinna mnt 77, P\u00e4rnu. M\u00fc\u00fcgitingimused kehtivad online konsultatsiooni tellimisel.\u00a0Online konsultatsiooni hind [&hellip;]<\/p>\n","protected":false},"author":1,"featured_media":0,"parent":0,"menu_order":0,"comment_status":"closed","ping_status":"closed","template":"","meta":{"_acf_changed":false,"site-sidebar-layout":"default","site-content-layout":"","ast-site-content-layout":"default","site-content-style":"default","site-sidebar-style":"default","ast-global-header-display":"","ast-banner-title-visibility":"","ast-main-header-display":"","ast-hfb-above-header-display":"","ast-hfb-below-header-display":"","ast-hfb-mobile-header-display":"","site-post-title":"","ast-breadcrumbs-content":"","ast-featured-img":"","footer-sml-layout":"","ast-disable-related-posts":"","theme-transparent-header-meta":"default","adv-header-id-meta":"","stick-header-meta":"","header-above-stick-meta":"","header-main-stick-meta":"","header-below-stick-meta":"","astra-migrate-meta-layouts":"set","ast-page-background-enabled":"default","ast-page-background-meta":{"desktop":{"background-color":"var(--ast-global-color-5)","background-image":"","background-repeat":"repeat","background-position":"center center","background-size":"auto","background-attachment":"scroll","background-type":"","background-media":"","overlay-type":"","overlay-color":"","overlay-opacity":"","overlay-gradient":""},"tablet":{"background-color":"","background-image":"","background-repeat":"repeat","background-position":"center center","background-size":"auto","background-attachment":"scroll","background-type":"","background-media":"","overlay-type":"","overlay-color":"","overlay-opacity":"","overlay-gradient":""},"mobile":{"background-color":"","background-image":"","background-repeat":"repeat","background-position":"center center","background-size":"auto","background-attachment":"scroll","background-type":"","background-media":"","overlay-type":"","overlay-color":"","overlay-opacity":"","overlay-gradient":""}},"ast-content-background-meta":{"desktop":{"background-color":"var(--ast-global-color-4)","background-image":"","background-repeat":"repeat","background-position":"center center","background-size":"auto","background-attachment":"scroll","background-type":"","background-media":"","overlay-type":"","overlay-color":"","overlay-opacity":"","overlay-gradient":""},"tablet":{"background-color":"var(--ast-global-color-4)","background-image":"","background-repeat":"repeat","background-position":"center center","background-size":"auto","background-attachment":"scroll","background-type":"","background-media":"","overlay-type":"","overlay-color":"","overlay-opacity":"","overlay-gradient":""},"mobile":{"background-color":"var(--ast-global-color-4)","background-image":"","background-repeat":"repeat","background-position":"center center","background-size":"auto","background-attachment":"scroll","background-type":"","background-media":"","overlay-type":"","overlay-color":"","overlay-opacity":"","overlay-gradient":""}},"footnotes":""},"class_list":["post-80","page","type-page","status-publish","hentry"],"acf":[],"_links":{"self":[{"href":"https:\/\/parnuloomakliinik.ee\/et\/wp-json\/wp\/v2\/pages\/80","targetHints":{"allow":["GET"]}}],"collection":[{"href":"https:\/\/parnuloomakliinik.ee\/et\/wp-json\/wp\/v2\/pages"}],"about":[{"href":"https:\/\/parnuloomakliinik.ee\/et\/wp-json\/wp\/v2\/types\/page"}],"author":[{"embeddable":true,"href":"https:\/\/parnuloomakliinik.ee\/et\/wp-json\/wp\/v2\/users\/1"}],"replies":[{"embeddable":true,"href":"https:\/\/parnuloomakliinik.ee\/et\/wp-json\/wp\/v2\/comments?post=80"}],"version-history":[{"count":1,"href":"https:\/\/parnuloomakliinik.ee\/et\/wp-json\/wp\/v2\/pages\/80\/revisions"}],"predecessor-version":[{"id":794,"href":"https:\/\/parnuloomakliinik.ee\/et\/wp-json\/wp\/v2\/pages\/80\/revisions\/794"}],"wp:attachment":[{"href":"https:\/\/parnuloomakliinik.ee\/et\/wp-json\/wp\/v2\/media?parent=80"}],"curies":[{"name":"wp","href":"https:\/\/api.w.org\/{rel}","templated":true}]}}