{"id":79,"date":"2020-05-25T14:06:41","date_gmt":"2020-05-25T14:06:41","guid":{"rendered":"http:\/\/example.com\/?page_id=79"},"modified":"2020-05-25T14:06:41","modified_gmt":"2020-05-25T14:06:41","slug":"privaatsuspoliitika","status":"publish","type":"page","link":"https:\/\/parnuloomakliinik.ee\/et\/privaatsuspoliitika\/","title":{"rendered":"Privaatsuspoliitika"},"content":{"rendered":"<h3><strong>Andmete t\u00f6\u00f6tlemine ja isikuandmete privaatsus.<\/strong><\/h3>\n<p lang=\\\"et-EE\\\">Teenuse pakkuja, P\u00e4rnu V\u00e4ikeloomakliinik, isikuandmete vastutav t\u00f6\u00f6tleja on O\u00dc Solventum (registrikood 10276890 ) asukohaga Tallinna mnt 77, P\u00e4rnu, tel. 4430878 ja<\/p>\n<p lang=\\\"et-EE\\\">e-post&nbsp;onlinekonsultatsioon@gmail.com<\/p>\n<p><strong>Milliseid isikuandmeid t\u00f6\u00f6deldakse?<\/strong><\/p>\n<p>Nimi, telefoninumber ja e-posti aadress;<\/p>\n<p>kaupade ja teenuste maksumus ja maksetega seotud andmed (ostuajalugu);<\/p>\n<p>klienditoe andmed.<\/p>\n<p lang=\\\"et-EE\\\"><strong>Mis eesm\u00e4rgil isikuandmeid t\u00f6\u00f6deldakse?<\/strong><\/p>\n<p lang=\\\"et-EE\\\">Isikuandmeid kasutatakse kliendi tellimuste haldamiseks ja teenuse pakkumiseks.<\/p>\n<p lang=\\\"et-EE\\\">Ostuajaloo andmeid (ostu kuup\u00e4ev, kaup, kogus, kliendi andmed) kasutatakse ostetud kaupade ja teenuste \u00fclevaate koostamiseks ning kliendieelistuste anal\u00fc\u00fcsimiseks.<\/p>\n<p lang=\\\"et-EE\\\">Isikuandmeid nagu e-post, telefoni nr, kliendi nimi, t\u00f6\u00f6deldakse selleks, et lahendada kaupade ja teenuste osutamise seonduvaid k\u00fcsimusi (klienditugi).<\/p>\n<p lang=\\\"et-EE\\\"><strong>\u00d5iguslik alus.<\/strong><\/p>\n<p lang=\\\"et-EE\\\">Isikuandmete t\u00f6\u00f6tlemine toimub kliendiga s\u00f5lmitud lepingu t\u00e4itmise eesm\u00e4rgil.<\/p>\n<p lang=\\\"et-EE\\\">Isikuandmete t\u00f6\u00f6tlemine toimub juriidilise kohustuse t\u00e4itmiseks (nt raamatupidamine ja tarbijavaidluste lahendamine).<\/p>\n<p lang=\\\"et-EE\\\"><strong>Vastuv\u00f5tjad, kellele isikuandmed edastatakse.<\/strong><\/p>\n<p lang=\\\"et-EE\\\">Kui veebipoe raamatupidamine toimub teenusepakkuja poolt, siis edastatakse isikuandmed teenusepakkujale raamatupidamistoimingute tegemiseks.<\/p>\n<p lang=\\\"et-EE\\\">Isikuandmeid v\u00f5idakse edastada infotehnoloogia teenuste pakkujatele, kui see on vajalik veebipoe funktsionaalsuse v\u00f5i andmemajutuse tagamiseks.<\/p>\n<p lang=\\\"et-EE\\\"><strong>Turvalisus ja andmetele ligip\u00e4\u00e4s.<\/strong><\/p>\n<p lang=\\\"et-EE\\\">Isikuandmeid hoitakse serverites, mis asuvad Euroopa Liidu liikmesriigi v\u00f5i Euroopa Liidu majanduspiirkonnaga liitunud riikide territooriumil. Andmeid v\u00f5idakse edastada riikidesse, mille andmekaitse taset on Euroopa Komisjon hinnanud piisavaks ning USA ettev\u00f5tetele, kes on liitund andmekaitse kilbi (<i>Privacy Shield<\/i>) raamistikuga.<\/p>\n<p lang=\\\"et-EE\\\">Juurdep\u00e4\u00e4s isikuandmetele on veebiteenuse t\u00f6\u00f6tajatel, kes saavad isikuandmetega tutvuda selleks, et lahendada teenuse pakkumisega seonduvaid tehnilisi k\u00fcsimusi ning osutada klienditoe teenust.<\/p>\n<p lang=\\\"et-EE\\\">Teenuse pakkuja rakendab asjakohaseid f\u00fc\u00fcsilisi, organisatsioonilisi ja infotehnilisi turvameetmeid, et kaitsta isikuandmeid juhusliku v\u00f5i ebaseadusliku h\u00e4vitamise, kaotsimineku, muutmise v\u00f5i loata juurdep\u00e4\u00e4su ja avalikustamise eest.<\/p>\n<p lang=\\\"et-EE\\\"><strong>Isikuandmetega tutvumine ja parandamine.<\/strong><\/p>\n<p lang=\\\"et-EE\\\">Teenuse pakkumine toimub ilma kasutajakontota. Isikuandmetega saab tutvuda teenusepakkuja vahendusel.<\/p>\n<p lang=\\\"et-EE\\\"><strong>N\u00f5usoleku tagasiv\u00f5tmine.<\/strong><\/p>\n<p lang=\\\"et-EE\\\">Kui isikundmete t\u00f6\u00f6tlemine toimub kliendi n\u00f5usoleku alusel, siis on kliendil \u00f5igus n\u00f5usolek tagasi v\u00f5tta teavitades sellest kliendituge e-posti teel.<\/p>\n<p lang=\\\"et-EE\\\"><strong>S\u00e4ilitamine.<\/strong><\/p>\n<p lang=\\\"et-EE\\\">Teenuse pakkumise sulgemisel kustutatakse isikuandmed, va juhul kui selliseid andmeid on vaja s\u00e4ilitada raamatupidamise jaoks v\u00f5i tarbijavaidluste lahendamiseks.<\/p>\n<p lang=\\\"et-EE\\\">Ostuajalugu s\u00e4ilitatakse kolm aastat.<\/p>\n","protected":false},"excerpt":{"rendered":"<p>Andmete t\u00f6\u00f6tlemine ja isikuandmete privaatsus. Teenuse pakkuja, P\u00e4rnu V\u00e4ikeloomakliinik, isikuandmete vastutav t\u00f6\u00f6tleja on O\u00dc Solventum (registrikood 10276890 ) asukohaga Tallinna [&hellip;]<\/p>\n","protected":false},"author":1,"featured_media":0,"parent":0,"menu_order":0,"comment_status":"closed","ping_status":"closed","template":"","meta":{"_acf_changed":false,"site-sidebar-layout":"default","site-content-layout":"","ast-site-content-layout":"default","site-content-style":"default","site-sidebar-style":"default","ast-global-header-display":"","ast-banner-title-visibility":"","ast-main-header-display":"","ast-hfb-above-header-display":"","ast-hfb-below-header-display":"","ast-hfb-mobile-header-display":"","site-post-title":"","ast-breadcrumbs-content":"","ast-featured-img":"","footer-sml-layout":"","ast-disable-related-posts":"","theme-transparent-header-meta":"","adv-header-id-meta":"","stick-header-meta":"","header-above-stick-meta":"","header-main-stick-meta":"","header-below-stick-meta":"","astra-migrate-meta-layouts":"default","ast-page-background-enabled":"default","ast-page-background-meta":{"desktop":{"background-color":"var(--ast-global-color-5)","background-image":"","background-repeat":"repeat","background-position":"center center","background-size":"auto","background-attachment":"scroll","background-type":"","background-media":"","overlay-type":"","overlay-color":"","overlay-opacity":"","overlay-gradient":""},"tablet":{"background-color":"","background-image":"","background-repeat":"repeat","background-position":"center center","background-size":"auto","background-attachment":"scroll","background-type":"","background-media":"","overlay-type":"","overlay-color":"","overlay-opacity":"","overlay-gradient":""},"mobile":{"background-color":"","background-image":"","background-repeat":"repeat","background-position":"center center","background-size":"auto","background-attachment":"scroll","background-type":"","background-media":"","overlay-type":"","overlay-color":"","overlay-opacity":"","overlay-gradient":""}},"ast-content-background-meta":{"desktop":{"background-color":"var(--ast-global-color-4)","background-image":"","background-repeat":"repeat","background-position":"center center","background-size":"auto","background-attachment":"scroll","background-type":"","background-media":"","overlay-type":"","overlay-color":"","overlay-opacity":"","overlay-gradient":""},"tablet":{"background-color":"var(--ast-global-color-4)","background-image":"","background-repeat":"repeat","background-position":"center center","background-size":"auto","background-attachment":"scroll","background-type":"","background-media":"","overlay-type":"","overlay-color":"","overlay-opacity":"","overlay-gradient":""},"mobile":{"background-color":"var(--ast-global-color-4)","background-image":"","background-repeat":"repeat","background-position":"center center","background-size":"auto","background-attachment":"scroll","background-type":"","background-media":"","overlay-type":"","overlay-color":"","overlay-opacity":"","overlay-gradient":""}},"footnotes":""},"class_list":["post-79","page","type-page","status-publish","hentry"],"acf":[],"_links":{"self":[{"href":"https:\/\/parnuloomakliinik.ee\/et\/wp-json\/wp\/v2\/pages\/79","targetHints":{"allow":["GET"]}}],"collection":[{"href":"https:\/\/parnuloomakliinik.ee\/et\/wp-json\/wp\/v2\/pages"}],"about":[{"href":"https:\/\/parnuloomakliinik.ee\/et\/wp-json\/wp\/v2\/types\/page"}],"author":[{"embeddable":true,"href":"https:\/\/parnuloomakliinik.ee\/et\/wp-json\/wp\/v2\/users\/1"}],"replies":[{"embeddable":true,"href":"https:\/\/parnuloomakliinik.ee\/et\/wp-json\/wp\/v2\/comments?post=79"}],"version-history":[{"count":0,"href":"https:\/\/parnuloomakliinik.ee\/et\/wp-json\/wp\/v2\/pages\/79\/revisions"}],"wp:attachment":[{"href":"https:\/\/parnuloomakliinik.ee\/et\/wp-json\/wp\/v2\/media?parent=79"}],"curies":[{"name":"wp","href":"https:\/\/api.w.org\/{rel}","templated":true}]}}