{"id":77,"date":"2020-05-04T10:50:00","date_gmt":"2020-05-04T10:50:00","guid":{"rendered":"http:\/\/example.com\/?page_id=77"},"modified":"2026-02-12T09:34:15","modified_gmt":"2026-02-12T07:34:15","slug":"online-konsultatsioon-1","status":"publish","type":"page","link":"https:\/\/parnuloomakliinik.ee\/et\/online-konsultatsioon-1\/","title":{"rendered":"Online konsultatsioon"},"content":{"rendered":"<p>Kui soovite meie k\u00e4est saada abi oma v\u00e4ikelooma tervisemure v\u00e4ljaselgitamisel kodust lahkumata, siis on k\u00f5ige paremaks lahenduseks&nbsp;<strong>online konsultatsioon<\/strong>, mis annab kiire&nbsp;ja adekvaatse&nbsp;tagasiside ning edasised tegutsemisjuhised.<\/p>\n<ul>\n<li>T\u00e4ida allj\u00e4rgnev vorm tellimuse esitamiseks<\/li>\n<li>Vali endale meelep\u00e4rane tohter<\/li>\n<li>Tasu tellimuse eest pangalingi vahendusel<\/li>\n<li>Ja j\u00e4\u00e4 ootama, tohter v\u00f5tab esimesel v\u00f5imalusel \u00fchendust<\/li>\n<\/ul>\n<p>Tutvuge online konsultatsiooni olemusega &#8211;&nbsp;<a href=\"\/et\/online-konsultatsioon\/\">http:\/\/www.v\u00e4ikeloomakliinik.ee\/et\/online-konsultatsioon<\/a><\/p>\n<p>&nbsp;<\/p>\n","protected":false},"excerpt":{"rendered":"<p>Kui soovite meie k\u00e4est saada abi oma v\u00e4ikelooma tervisemure v\u00e4ljaselgitamisel kodust lahkumata, siis on k\u00f5ige paremaks lahenduseks&nbsp;online konsultatsioon, mis annab [&hellip;]<\/p>\n","protected":false},"author":1,"featured_media":0,"parent":0,"menu_order":0,"comment_status":"closed","ping_status":"closed","template":"","meta":{"_acf_changed":false,"site-sidebar-layout":"default","site-content-layout":"","ast-site-content-layout":"default","site-content-style":"default","site-sidebar-style":"default","ast-global-header-display":"","ast-banner-title-visibility":"","ast-main-header-display":"","ast-hfb-above-header-display":"","ast-hfb-below-header-display":"","ast-hfb-mobile-header-display":"","site-post-title":"","ast-breadcrumbs-content":"","ast-featured-img":"","footer-sml-layout":"","ast-disable-related-posts":"","theme-transparent-header-meta":"","adv-header-id-meta":"","stick-header-meta":"","header-above-stick-meta":"","header-main-stick-meta":"","header-below-stick-meta":"","astra-migrate-meta-layouts":"default","ast-page-background-enabled":"default","ast-page-background-meta":{"desktop":{"background-color":"var(--ast-global-color-5)","background-image":"","background-repeat":"repeat","background-position":"center center","background-size":"auto","background-attachment":"scroll","background-type":"","background-media":"","overlay-type":"","overlay-color":"","overlay-opacity":"","overlay-gradient":""},"tablet":{"background-color":"","background-image":"","background-repeat":"repeat","background-position":"center center","background-size":"auto","background-attachment":"scroll","background-type":"","background-media":"","overlay-type":"","overlay-color":"","overlay-opacity":"","overlay-gradient":""},"mobile":{"background-color":"","background-image":"","background-repeat":"repeat","background-position":"center center","background-size":"auto","background-attachment":"scroll","background-type":"","background-media":"","overlay-type":"","overlay-color":"","overlay-opacity":"","overlay-gradient":""}},"ast-content-background-meta":{"desktop":{"background-color":"var(--ast-global-color-4)","background-image":"","background-repeat":"repeat","background-position":"center center","background-size":"auto","background-attachment":"scroll","background-type":"","background-media":"","overlay-type":"","overlay-color":"","overlay-opacity":"","overlay-gradient":""},"tablet":{"background-color":"var(--ast-global-color-4)","background-image":"","background-repeat":"repeat","background-position":"center center","background-size":"auto","background-attachment":"scroll","background-type":"","background-media":"","overlay-type":"","overlay-color":"","overlay-opacity":"","overlay-gradient":""},"mobile":{"background-color":"var(--ast-global-color-4)","background-image":"","background-repeat":"repeat","background-position":"center center","background-size":"auto","background-attachment":"scroll","background-type":"","background-media":"","overlay-type":"","overlay-color":"","overlay-opacity":"","overlay-gradient":""}},"footnotes":""},"class_list":["post-77","page","type-page","status-publish","hentry"],"acf":[],"_links":{"self":[{"href":"https:\/\/parnuloomakliinik.ee\/et\/wp-json\/wp\/v2\/pages\/77","targetHints":{"allow":["GET"]}}],"collection":[{"href":"https:\/\/parnuloomakliinik.ee\/et\/wp-json\/wp\/v2\/pages"}],"about":[{"href":"https:\/\/parnuloomakliinik.ee\/et\/wp-json\/wp\/v2\/types\/page"}],"author":[{"embeddable":true,"href":"https:\/\/parnuloomakliinik.ee\/et\/wp-json\/wp\/v2\/users\/1"}],"replies":[{"embeddable":true,"href":"https:\/\/parnuloomakliinik.ee\/et\/wp-json\/wp\/v2\/comments?post=77"}],"version-history":[{"count":3,"href":"https:\/\/parnuloomakliinik.ee\/et\/wp-json\/wp\/v2\/pages\/77\/revisions"}],"predecessor-version":[{"id":163,"href":"https:\/\/parnuloomakliinik.ee\/et\/wp-json\/wp\/v2\/pages\/77\/revisions\/163"}],"wp:attachment":[{"href":"https:\/\/parnuloomakliinik.ee\/et\/wp-json\/wp\/v2\/media?parent=77"}],"curies":[{"name":"wp","href":"https:\/\/api.w.org\/{rel}","templated":true}]}}