{"id":289,"date":"2026-02-20T12:49:06","date_gmt":"2026-02-20T10:49:06","guid":{"rendered":"https:\/\/2026.xn--vikeloomakliinik-vnb.ee\/?page_id=289"},"modified":"2026-02-25T12:01:37","modified_gmt":"2026-02-25T10:01:37","slug":"teenuseproov","status":"publish","type":"page","link":"https:\/\/parnuloomakliinik.ee\/et\/teenuseproov\/","title":{"rendered":"Teenuseproov"},"content":{"rendered":"    <section class=\"pts-section\" style=\"--pts-cols-d:3;--pts-cols-t:2;--pts-cols-m:1;--pts-section-pad:60px;--pts-grid-gap:40px;--pts-badge-fs:12px;--pts-title-fs-m:32px;--pts-title-fs-d:60px;--pts-subtitle-fs:20px;--pts-card-padding:40px;--pts-card-radius:48px;--pts-card-minh:320px;--pts-card-title-fs:24px;--pts-card-text-fs:16px;--pts-cta-fs:13px;--pts-icon-box:80px;--pts-icon-radius:32px;\">\n      <div class=\"pts-container\">\n        <div class=\"pts-header\">\n                      <div class=\"pts-badge\">Meie maagia<\/div>\n                                <h3 class=\"pts-title\">Kuidas me aitame?<\/h3>\n                                <p class=\"pts-subtitle\">Pakume k\u00f5ike vajalikku, et Sinu s\u00f5ber saba liputaks ja nurru l\u00f6\u00f6ks.<\/p>\n                  <\/div>\n\n        <div class=\"pts-grid\">\n                      <a class=\"pts-card pts-teal\" href=\"https:\/\/parnuloomakliinik.ee\/et\/teenused\/regulaarsed-terviseuuringud-ja-vaktsineerimine\/\">\n              <div class=\"pts-icon-wrap\">\n                <div class=\"pts-icon\" style=\"--pts-icon-size:36px;\"><i class=\"fa-solid fa-syringe\" aria-hidden=\"true\"><\/i><\/div>              <\/div>\n\n              <h4 class=\"pts-card-title\">Regulaarsed terviseuuringud ja vaktsineerimine<\/h4>\n\n                              <p class=\"pts-card-text\">Haiguste parim ravi on nende ennetamine.<\/p>\n              \n              <div class=\"pts-card-cta\">\n                Loe teenusest l\u00e4hemalt                <span class=\"pts-arrow\" aria-hidden=\"true\">\u2192<\/span>\n              <\/div>\n            <\/a>\n                      <a class=\"pts-card pts-orange\" href=\"https:\/\/parnuloomakliinik.ee\/et\/teenused\/kujutav-diagnostika\/\">\n              <div class=\"pts-icon-wrap\">\n                <div class=\"pts-icon\" style=\"--pts-icon-size:36px;\"><i class=\"fa-solid fa-x-ray\" aria-hidden=\"true\"><\/i><\/div>              <\/div>\n\n              <h4 class=\"pts-card-title\">Kujutav diagnostika<\/h4>\n\n                              <p class=\"pts-card-text\">Kujutav diagnostika on \u00fcks olulisemaid diagnostilisi meetodeid.<\/p>\n              \n              <div class=\"pts-card-cta\">\n                Loe teenusest l\u00e4hemalt                <span class=\"pts-arrow\" aria-hidden=\"true\">\u2192<\/span>\n              <\/div>\n            <\/a>\n                      <a class=\"pts-card pts-teal\" href=\"https:\/\/parnuloomakliinik.ee\/et\/teenused\/kirurgia-ja-ortopeedia\/\">\n              <div class=\"pts-icon-wrap\">\n                <div class=\"pts-icon\" style=\"--pts-icon-size:36px;\"><i class=\"fa-solid fa-user-doctor\" aria-hidden=\"true\"><\/i><\/div>              <\/div>\n\n              <h4 class=\"pts-card-title\">Kirurgia<\/h4>\n\n                              <p class=\"pts-card-text\">Kirurgiline raviviis on \u00fcks vanemaid raviv\u00f5tteid.<\/p>\n              \n              <div class=\"pts-card-cta\">\n                Loe teenusest l\u00e4hemalt                <span class=\"pts-arrow\" aria-hidden=\"true\">\u2192<\/span>\n              <\/div>\n            <\/a>\n                      <a class=\"pts-card pts-orange\" href=\"https:\/\/parnuloomakliinik.ee\/et\/teenused\/puusa-ja-kueuenarliigese-duesplaasia-varajane-diagnostika\/\">\n              <div class=\"pts-icon-wrap\">\n                <div class=\"pts-icon\" style=\"--pts-icon-size:36px;\"><i class=\"fa-solid fa-bone\" aria-hidden=\"true\"><\/i><\/div>              <\/div>\n\n              <h4 class=\"pts-card-title\">Ortopeedia<\/h4>\n\n                              <p class=\"pts-card-text\">Pakume kaasaegset ja p\u00f5hjalikku v\u00e4ikeloomade ortopeedilist diagnostikat ja ravi.<\/p>\n              \n              <div class=\"pts-card-cta\">\n                Loe teenusest l\u00e4hemalt                <span class=\"pts-arrow\" aria-hidden=\"true\">\u2192<\/span>\n              <\/div>\n            <\/a>\n                      <a class=\"pts-card pts-teal\" href=\"https:\/\/parnuloomakliinik.ee\/et\/teenused\/labordiagnostika\/\">\n              <div class=\"pts-icon-wrap\">\n                <div class=\"pts-icon\" style=\"--pts-icon-size:36px;\"><i class=\"fa-solid fa-heart-pulse\" aria-hidden=\"true\"><\/i><\/div>              <\/div>\n\n              <h4 class=\"pts-card-title\">Labordiagnostika<\/h4>\n\n                              <p class=\"pts-card-text\">Kliinikusisene labor annab v\u00f5imaluse kiireks ja mugavaks diagnostikaks.<\/p>\n              \n              <div class=\"pts-card-cta\">\n                Loe teenusest l\u00e4hemalt                <span class=\"pts-arrow\" aria-hidden=\"true\">\u2192<\/span>\n              <\/div>\n            <\/a>\n                      <a class=\"pts-card pts-orange\" href=\"https:\/\/parnuloomakliinik.ee\/et\/teenused\/onkoloogia\/\">\n              <div class=\"pts-icon-wrap\">\n                <div class=\"pts-icon\" style=\"--pts-icon-size:36px;\"><i class=\"fa-solid fa-brain\" aria-hidden=\"true\"><\/i><\/div>              <\/div>\n\n              <h4 class=\"pts-card-title\">Onkoloogia<\/h4>\n\n                              <p class=\"pts-card-text\">Kasvajate diagnostika ja ravi on lahutamatuks osaks t\u00e4nap\u00e4evasest meditsiinist.<\/p>\n              \n              <div class=\"pts-card-cta\">\n                Loe teenusest l\u00e4hemalt                <span class=\"pts-arrow\" aria-hidden=\"true\">\u2192<\/span>\n              <\/div>\n            <\/a>\n                  <\/div>\n      <\/div>\n    <\/section>\n    \n","protected":false},"excerpt":{"rendered":"","protected":false},"author":1,"featured_media":0,"parent":0,"menu_order":0,"comment_status":"closed","ping_status":"closed","template":"","meta":{"_acf_changed":false,"site-sidebar-layout":"default","site-content-layout":"","ast-site-content-layout":"default","site-content-style":"default","site-sidebar-style":"default","ast-global-header-display":"","ast-banner-title-visibility":"","ast-main-header-display":"","ast-hfb-above-header-display":"","ast-hfb-below-header-display":"","ast-hfb-mobile-header-display":"","site-post-title":"disabled","ast-breadcrumbs-content":"","ast-featured-img":"","footer-sml-layout":"","ast-disable-related-posts":"","theme-transparent-header-meta":"default","adv-header-id-meta":"","stick-header-meta":"","header-above-stick-meta":"","header-main-stick-meta":"","header-below-stick-meta":"","astra-migrate-meta-layouts":"set","ast-page-background-enabled":"default","ast-page-background-meta":{"desktop":{"background-color":"var(--ast-global-color-5)","background-image":"","background-repeat":"repeat","background-position":"center center","background-size":"auto","background-attachment":"scroll","background-type":"","background-media":"","overlay-type":"","overlay-color":"","overlay-opacity":"","overlay-gradient":""},"tablet":{"background-color":"","background-image":"","background-repeat":"repeat","background-position":"center center","background-size":"auto","background-attachment":"scroll","background-type":"","background-media":"","overlay-type":"","overlay-color":"","overlay-opacity":"","overlay-gradient":""},"mobile":{"background-color":"","background-image":"","background-repeat":"repeat","background-position":"center center","background-size":"auto","background-attachment":"scroll","background-type":"","background-media":"","overlay-type":"","overlay-color":"","overlay-opacity":"","overlay-gradient":""}},"ast-content-background-meta":{"desktop":{"background-color":"var(--ast-global-color-4)","background-image":"","background-repeat":"repeat","background-position":"center center","background-size":"auto","background-attachment":"scroll","background-type":"","background-media":"","overlay-type":"","overlay-color":"","overlay-opacity":"","overlay-gradient":""},"tablet":{"background-color":"var(--ast-global-color-4)","background-image":"","background-repeat":"repeat","background-position":"center center","background-size":"auto","background-attachment":"scroll","background-type":"","background-media":"","overlay-type":"","overlay-color":"","overlay-opacity":"","overlay-gradient":""},"mobile":{"background-color":"var(--ast-global-color-4)","background-image":"","background-repeat":"repeat","background-position":"center center","background-size":"auto","background-attachment":"scroll","background-type":"","background-media":"","overlay-type":"","overlay-color":"","overlay-opacity":"","overlay-gradient":""}},"footnotes":""},"class_list":["post-289","page","type-page","status-publish","hentry"],"acf":[],"_links":{"self":[{"href":"https:\/\/parnuloomakliinik.ee\/et\/wp-json\/wp\/v2\/pages\/289","targetHints":{"allow":["GET"]}}],"collection":[{"href":"https:\/\/parnuloomakliinik.ee\/et\/wp-json\/wp\/v2\/pages"}],"about":[{"href":"https:\/\/parnuloomakliinik.ee\/et\/wp-json\/wp\/v2\/types\/page"}],"author":[{"embeddable":true,"href":"https:\/\/parnuloomakliinik.ee\/et\/wp-json\/wp\/v2\/users\/1"}],"replies":[{"embeddable":true,"href":"https:\/\/parnuloomakliinik.ee\/et\/wp-json\/wp\/v2\/comments?post=289"}],"version-history":[{"count":1,"href":"https:\/\/parnuloomakliinik.ee\/et\/wp-json\/wp\/v2\/pages\/289\/revisions"}],"predecessor-version":[{"id":290,"href":"https:\/\/parnuloomakliinik.ee\/et\/wp-json\/wp\/v2\/pages\/289\/revisions\/290"}],"wp:attachment":[{"href":"https:\/\/parnuloomakliinik.ee\/et\/wp-json\/wp\/v2\/media?parent=289"}],"curies":[{"name":"wp","href":"https:\/\/api.w.org\/{rel}","templated":true}]}}