{"id":20,"date":"2018-04-25T11:41:03","date_gmt":"2018-04-25T11:41:03","guid":{"rendered":"http:\/\/example.com\/?page_id=20"},"modified":"2026-02-25T14:22:48","modified_gmt":"2026-02-25T12:22:48","slug":"inimesed","status":"publish","type":"page","link":"https:\/\/parnuloomakliinik.ee\/et\/inimesed\/","title":{"rendered":"Inimesed"},"content":{"rendered":"<section id=\"team\" class=\"vkl-team\" style=\"--vkl-team-bg:#fffbf4;--vkl-team-gap:60px;--vkl-team-py:100px;--vkl-team-title-desktop:60px;--vkl-team-title-mobile:40px;--vkl-team-subtitle:20px;\" data-per-page=\"-1\" data-max-pages=\"0\" data-current-page=\"1\">\n  <div class=\"vkl-container\">\n    <div class=\"vkl-team__header\">\n      <div class=\"vkl-badge\">Meie pere<\/div>\n      <h3 class=\"vkl-team__title\">Kes me oleme?<\/h3>\n      <p class=\"vkl-team__subtitle\">K\u00f5ik meie arstid armastavad loomi sama palju kui Sina.<\/p>\n    <\/div>\n\n          <div class=\"vkl-team__filters\" data-default=\"all\">\n        <button class=\"vkl-filter is-active\" type=\"button\" data-filter=\"all\">K\u00f5ik<\/button>\n                  <button class=\"vkl-filter\" type=\"button\" data-filter=\"administraatorid\">Administraatorid<\/button>\n                  <button class=\"vkl-filter\" type=\"button\" data-filter=\"laboriarst\">Laboriarstid<\/button>\n                  <button class=\"vkl-filter\" type=\"button\" data-filter=\"loomaarstid\">Loomaarstid<\/button>\n                  <button class=\"vkl-filter\" type=\"button\" data-filter=\"veterinaaroed\">Veterinaar\u00f5ed<\/button>\n                  <button class=\"vkl-filter\" type=\"button\" data-filter=\"veterinaartehnik\">Veterinaartehnikud<\/button>\n              <\/div>\n    \n    <div class=\"vkl-team__grid\" role=\"list\"\n      data-cols-xl=\"5\"\n      data-cols-lg=\"4\"\n      data-cols-md=\"3\"\n      data-cols-sm=\"2\"\n    >\n              <article class=\"vkl-person\" data-role=\"loomaarstid\">\n          <a class=\"vkl-person__link\" href=\"https:\/\/parnuloomakliinik.ee\/et\/inimesed\/marti-lasn\/\" aria-label=\"Marti Lasn\">\n            <div class=\"vkl-person__media\">\n              <div class=\"vkl-blob\" aria-hidden=\"true\"><\/div>\n              <div class=\"vkl-photo\">\n                <img src=\"https:\/\/parnuloomakliinik.ee\/wp-content\/uploads\/2026\/02\/marti-lasn-1024x1024.jpg\" alt=\"Marti Lasn\" loading=\"lazy\" decoding=\"async\">\n                <div class=\"vkl-overlay\" aria-hidden=\"true\">\n                  <div class=\"vkl-overlay__cta\">\n                    <span class=\"vkl-overlay__icon\">\ud83d\udd0e<\/span>\n                    <span class=\"vkl-overlay__text\">Loe l\u00e4hemalt<\/span>\n                  <\/div>\n                <\/div>\n              <\/div>\n            <\/div>\n            <div class=\"vkl-person__meta\">\n              <h4 class=\"vkl-person__name\">Marti Lasn<\/h4>\n                              <p class=\"vkl-person__role\">Loomaarst<\/p>\n                            <div class=\"vkl-person__divider\" aria-hidden=\"true\"><\/div>\n                              <p class=\"vkl-person__spec\">Ortopeedia, traumatoloogia, artroskoopia v\u00e4ikeloomadel. Puusa- ja k\u00fc\u00fcnarliigese d\u00fcsplaasia varajane diagnostika ja ravi. Eesmise ristatisideme rebendi kirurgiline ravi (TPLO, TTA-Rapid, CBLO [&hellip;]<\/p>\n                          <\/div>\n          <\/a>\n        <\/article>\n              <article class=\"vkl-person\" data-role=\"loomaarstid\">\n          <a class=\"vkl-person__link\" href=\"https:\/\/parnuloomakliinik.ee\/et\/inimesed\/jaana-janes\/\" aria-label=\"Jaana J\u00e4nes\">\n            <div class=\"vkl-person__media\">\n              <div class=\"vkl-blob\" aria-hidden=\"true\"><\/div>\n              <div class=\"vkl-photo\">\n                <img src=\"https:\/\/parnuloomakliinik.ee\/wp-content\/uploads\/2026\/02\/jaana-janes-1024x1024.jpg\" alt=\"Jaana J\u00e4nes\" loading=\"lazy\" decoding=\"async\">\n                <div class=\"vkl-overlay\" aria-hidden=\"true\">\n                  <div class=\"vkl-overlay__cta\">\n                    <span class=\"vkl-overlay__icon\">\ud83d\udd0e<\/span>\n                    <span class=\"vkl-overlay__text\">Loe l\u00e4hemalt<\/span>\n                  <\/div>\n                <\/div>\n              <\/div>\n            <\/div>\n            <div class=\"vkl-person__meta\">\n              <h4 class=\"vkl-person__name\">Jaana J\u00e4nes<\/h4>\n                              <p class=\"vkl-person__role\">Loomaarst<\/p>\n                            <div class=\"vkl-person__divider\" aria-hidden=\"true\"><\/div>\n                              <p class=\"vkl-person__spec\">Jaana on v\u00e4ikeloomaarst, kelle kitsamateks huvideks on onkoloogia, koerte-kasside sisehaigused ja kirurgia. Samuti tunneb ta ennast suurep\u00e4raselt v\u00e4ikeloomade suuh\u00fcgieeni ja [&hellip;]<\/p>\n                          <\/div>\n          <\/a>\n        <\/article>\n              <article class=\"vkl-person\" data-role=\"loomaarstid\">\n          <a class=\"vkl-person__link\" href=\"https:\/\/parnuloomakliinik.ee\/et\/inimesed\/marika-veelaid\/\" aria-label=\"Marika Veelaid\">\n            <div class=\"vkl-person__media\">\n              <div class=\"vkl-blob\" aria-hidden=\"true\"><\/div>\n              <div class=\"vkl-photo\">\n                <img src=\"https:\/\/parnuloomakliinik.ee\/wp-content\/uploads\/2026\/02\/marika-veelaid-1024x1024.jpg\" alt=\"Marika Veelaid\" loading=\"lazy\" decoding=\"async\">\n                <div class=\"vkl-overlay\" aria-hidden=\"true\">\n                  <div class=\"vkl-overlay__cta\">\n                    <span class=\"vkl-overlay__icon\">\ud83d\udd0e<\/span>\n                    <span class=\"vkl-overlay__text\">Loe l\u00e4hemalt<\/span>\n                  <\/div>\n                <\/div>\n              <\/div>\n            <\/div>\n            <div class=\"vkl-person__meta\">\n              <h4 class=\"vkl-person__name\">Marika Veelaid<\/h4>\n                              <p class=\"vkl-person__role\">Loomaarst<\/p>\n                            <div class=\"vkl-person__divider\" aria-hidden=\"true\"><\/div>\n                              <p class=\"vkl-person__spec\">Lemmikloomade nahahaigused, koerte ja kasside sisehaigused.<\/p>\n                          <\/div>\n          <\/a>\n        <\/article>\n              <article class=\"vkl-person\" data-role=\"laboriarst\">\n          <a class=\"vkl-person__link\" href=\"https:\/\/parnuloomakliinik.ee\/et\/inimesed\/katrin-lasn\/\" aria-label=\"Katrin Lasn\">\n            <div class=\"vkl-person__media\">\n              <div class=\"vkl-blob\" aria-hidden=\"true\"><\/div>\n              <div class=\"vkl-photo\">\n                <img src=\"https:\/\/parnuloomakliinik.ee\/wp-content\/uploads\/2026\/02\/katrin-lasn-1024x1024.jpg\" alt=\"Katrin Lasn\" loading=\"lazy\" decoding=\"async\">\n                <div class=\"vkl-overlay\" aria-hidden=\"true\">\n                  <div class=\"vkl-overlay__cta\">\n                    <span class=\"vkl-overlay__icon\">\ud83d\udd0e<\/span>\n                    <span class=\"vkl-overlay__text\">Loe l\u00e4hemalt<\/span>\n                  <\/div>\n                <\/div>\n              <\/div>\n            <\/div>\n            <div class=\"vkl-person__meta\">\n              <h4 class=\"vkl-person__name\">Katrin Lasn<\/h4>\n                              <p class=\"vkl-person__role\">Laboriarst<\/p>\n                            <div class=\"vkl-person__divider\" aria-hidden=\"true\"><\/div>\n                          <\/div>\n          <\/a>\n        <\/article>\n              <article class=\"vkl-person\" data-role=\"veterinaaroed\">\n          <a class=\"vkl-person__link\" href=\"https:\/\/parnuloomakliinik.ee\/et\/inimesed\/epp-upraus\/\" aria-label=\"Epp \u00dcpraus\">\n            <div class=\"vkl-person__media\">\n              <div class=\"vkl-blob\" aria-hidden=\"true\"><\/div>\n              <div class=\"vkl-photo\">\n                <img src=\"https:\/\/parnuloomakliinik.ee\/wp-content\/uploads\/2026\/02\/epp-upraus-1024x1024.jpg\" alt=\"Epp \u00dcpraus\" loading=\"lazy\" decoding=\"async\">\n                <div class=\"vkl-overlay\" aria-hidden=\"true\">\n                  <div class=\"vkl-overlay__cta\">\n                    <span class=\"vkl-overlay__icon\">\ud83d\udd0e<\/span>\n                    <span class=\"vkl-overlay__text\">Loe l\u00e4hemalt<\/span>\n                  <\/div>\n                <\/div>\n              <\/div>\n            <\/div>\n            <div class=\"vkl-person__meta\">\n              <h4 class=\"vkl-person__name\">Epp \u00dcpraus<\/h4>\n                              <p class=\"vkl-person__role\">Veterinaar\u00f5de<\/p>\n                            <div class=\"vkl-person__divider\" aria-hidden=\"true\"><\/div>\n                          <\/div>\n          <\/a>\n        <\/article>\n              <article class=\"vkl-person\" data-role=\"veterinaaroed\">\n          <a class=\"vkl-person__link\" href=\"https:\/\/parnuloomakliinik.ee\/et\/inimesed\/piret-osi\/\" aria-label=\"Piret Osi\">\n            <div class=\"vkl-person__media\">\n              <div class=\"vkl-blob\" aria-hidden=\"true\"><\/div>\n              <div class=\"vkl-photo\">\n                <img src=\"https:\/\/parnuloomakliinik.ee\/wp-content\/uploads\/2026\/02\/piret-osi-1024x1024.jpg\" alt=\"Piret Osi\" loading=\"lazy\" decoding=\"async\">\n                <div class=\"vkl-overlay\" aria-hidden=\"true\">\n                  <div class=\"vkl-overlay__cta\">\n                    <span class=\"vkl-overlay__icon\">\ud83d\udd0e<\/span>\n                    <span class=\"vkl-overlay__text\">Loe l\u00e4hemalt<\/span>\n                  <\/div>\n                <\/div>\n              <\/div>\n            <\/div>\n            <div class=\"vkl-person__meta\">\n              <h4 class=\"vkl-person__name\">Piret Osi<\/h4>\n                              <p class=\"vkl-person__role\">Veterinaar\u00f5de<\/p>\n                            <div class=\"vkl-person__divider\" aria-hidden=\"true\"><\/div>\n                          <\/div>\n          <\/a>\n        <\/article>\n              <article class=\"vkl-person\" data-role=\"veterinaaroed\">\n          <a class=\"vkl-person__link\" href=\"https:\/\/parnuloomakliinik.ee\/et\/inimesed\/claudia-soomre\/\" aria-label=\"Claudia Soomre\">\n            <div class=\"vkl-person__media\">\n              <div class=\"vkl-blob\" aria-hidden=\"true\"><\/div>\n              <div class=\"vkl-photo\">\n                <img src=\"https:\/\/parnuloomakliinik.ee\/wp-content\/uploads\/2026\/02\/claudia-soomre-1024x1024.jpg\" alt=\"Claudia Soomre\" loading=\"lazy\" decoding=\"async\">\n                <div class=\"vkl-overlay\" aria-hidden=\"true\">\n                  <div class=\"vkl-overlay__cta\">\n                    <span class=\"vkl-overlay__icon\">\ud83d\udd0e<\/span>\n                    <span class=\"vkl-overlay__text\">Loe l\u00e4hemalt<\/span>\n                  <\/div>\n                <\/div>\n              <\/div>\n            <\/div>\n            <div class=\"vkl-person__meta\">\n              <h4 class=\"vkl-person__name\">Claudia Soomre<\/h4>\n                              <p class=\"vkl-person__role\">Veterinaar\u00f5de<\/p>\n                            <div class=\"vkl-person__divider\" aria-hidden=\"true\"><\/div>\n                          <\/div>\n          <\/a>\n        <\/article>\n              <article class=\"vkl-person\" data-role=\"veterinaaroed\">\n          <a class=\"vkl-person__link\" href=\"https:\/\/parnuloomakliinik.ee\/et\/inimesed\/keiti-kasenurm\/\" aria-label=\"Keiti Kasenurm\">\n            <div class=\"vkl-person__media\">\n              <div class=\"vkl-blob\" aria-hidden=\"true\"><\/div>\n              <div class=\"vkl-photo\">\n                <img src=\"https:\/\/parnuloomakliinik.ee\/wp-content\/uploads\/2026\/02\/keiti-kasenurm-1024x1024.jpg\" alt=\"Keiti Kasenurm\" loading=\"lazy\" decoding=\"async\">\n                <div class=\"vkl-overlay\" aria-hidden=\"true\">\n                  <div class=\"vkl-overlay__cta\">\n                    <span class=\"vkl-overlay__icon\">\ud83d\udd0e<\/span>\n                    <span class=\"vkl-overlay__text\">Loe l\u00e4hemalt<\/span>\n                  <\/div>\n                <\/div>\n              <\/div>\n            <\/div>\n            <div class=\"vkl-person__meta\">\n              <h4 class=\"vkl-person__name\">Keiti Kasenurm<\/h4>\n                              <p class=\"vkl-person__role\">Veterinaar\u00f5de<\/p>\n                            <div class=\"vkl-person__divider\" aria-hidden=\"true\"><\/div>\n                          <\/div>\n          <\/a>\n        <\/article>\n              <article class=\"vkl-person\" data-role=\"veterinaaroed\">\n          <a class=\"vkl-person__link\" href=\"https:\/\/parnuloomakliinik.ee\/et\/inimesed\/alina-mihailova\/\" aria-label=\"Alina Mihailova\">\n            <div class=\"vkl-person__media\">\n              <div class=\"vkl-blob\" aria-hidden=\"true\"><\/div>\n              <div class=\"vkl-photo\">\n                <img src=\"https:\/\/parnuloomakliinik.ee\/wp-content\/uploads\/2026\/02\/alina-mihailova-1024x1024.jpg\" alt=\"Alina Mihailova\" loading=\"lazy\" decoding=\"async\">\n                <div class=\"vkl-overlay\" aria-hidden=\"true\">\n                  <div class=\"vkl-overlay__cta\">\n                    <span class=\"vkl-overlay__icon\">\ud83d\udd0e<\/span>\n                    <span class=\"vkl-overlay__text\">Loe l\u00e4hemalt<\/span>\n                  <\/div>\n                <\/div>\n              <\/div>\n            <\/div>\n            <div class=\"vkl-person__meta\">\n              <h4 class=\"vkl-person__name\">Alina Mihailova<\/h4>\n                              <p class=\"vkl-person__role\">Veterinaar\u00f5de<\/p>\n                            <div class=\"vkl-person__divider\" aria-hidden=\"true\"><\/div>\n                          <\/div>\n          <\/a>\n        <\/article>\n              <article class=\"vkl-person\" data-role=\"veterinaartehnik\">\n          <a class=\"vkl-person__link\" href=\"https:\/\/parnuloomakliinik.ee\/et\/inimesed\/svitlana-dimydova\/\" aria-label=\"Svitlana Dimydova\">\n            <div class=\"vkl-person__media\">\n              <div class=\"vkl-blob\" aria-hidden=\"true\"><\/div>\n              <div class=\"vkl-photo\">\n                <img src=\"https:\/\/parnuloomakliinik.ee\/wp-content\/uploads\/2026\/02\/svitlana-dimydova-1024x1024.jpg\" alt=\"Svitlana Dimydova\" loading=\"lazy\" decoding=\"async\">\n                <div class=\"vkl-overlay\" aria-hidden=\"true\">\n                  <div class=\"vkl-overlay__cta\">\n                    <span class=\"vkl-overlay__icon\">\ud83d\udd0e<\/span>\n                    <span class=\"vkl-overlay__text\">Loe l\u00e4hemalt<\/span>\n                  <\/div>\n                <\/div>\n              <\/div>\n            <\/div>\n            <div class=\"vkl-person__meta\">\n              <h4 class=\"vkl-person__name\">Svitlana Dimydova<\/h4>\n                              <p class=\"vkl-person__role\">Veterinaartehnik<\/p>\n                            <div class=\"vkl-person__divider\" aria-hidden=\"true\"><\/div>\n                          <\/div>\n          <\/a>\n        <\/article>\n              <article class=\"vkl-person\" data-role=\"veterinaaroed\">\n          <a class=\"vkl-person__link\" href=\"https:\/\/parnuloomakliinik.ee\/et\/inimesed\/ave-jurgens\/\" aria-label=\"Ave J\u00fcrgens\">\n            <div class=\"vkl-person__media\">\n              <div class=\"vkl-blob\" aria-hidden=\"true\"><\/div>\n              <div class=\"vkl-photo\">\n                <img src=\"https:\/\/parnuloomakliinik.ee\/wp-content\/uploads\/2026\/02\/ave-jurgens-1024x1024.jpg\" alt=\"Ave J\u00fcrgens\" loading=\"lazy\" decoding=\"async\">\n                <div class=\"vkl-overlay\" aria-hidden=\"true\">\n                  <div class=\"vkl-overlay__cta\">\n                    <span class=\"vkl-overlay__icon\">\ud83d\udd0e<\/span>\n                    <span class=\"vkl-overlay__text\">Loe l\u00e4hemalt<\/span>\n                  <\/div>\n                <\/div>\n              <\/div>\n            <\/div>\n            <div class=\"vkl-person__meta\">\n              <h4 class=\"vkl-person__name\">Ave J\u00fcrgens<\/h4>\n                              <p class=\"vkl-person__role\">Veterinaar\u00f5de<\/p>\n                            <div class=\"vkl-person__divider\" aria-hidden=\"true\"><\/div>\n                          <\/div>\n          <\/a>\n        <\/article>\n              <article class=\"vkl-person\" data-role=\"administraatorid\">\n          <a class=\"vkl-person__link\" href=\"https:\/\/parnuloomakliinik.ee\/et\/inimesed\/kaie-saimre\/\" aria-label=\"Kaie Saimre\">\n            <div class=\"vkl-person__media\">\n              <div class=\"vkl-blob\" aria-hidden=\"true\"><\/div>\n              <div class=\"vkl-photo\">\n                <img src=\"https:\/\/parnuloomakliinik.ee\/wp-content\/uploads\/2026\/02\/kaie-saimre-1024x1024.jpg\" alt=\"Kaie Saimre\" loading=\"lazy\" decoding=\"async\">\n                <div class=\"vkl-overlay\" aria-hidden=\"true\">\n                  <div class=\"vkl-overlay__cta\">\n                    <span class=\"vkl-overlay__icon\">\ud83d\udd0e<\/span>\n                    <span class=\"vkl-overlay__text\">Loe l\u00e4hemalt<\/span>\n                  <\/div>\n                <\/div>\n              <\/div>\n            <\/div>\n            <div class=\"vkl-person__meta\">\n              <h4 class=\"vkl-person__name\">Kaie Saimre<\/h4>\n                              <p class=\"vkl-person__role\">Administraator<\/p>\n                            <div class=\"vkl-person__divider\" aria-hidden=\"true\"><\/div>\n                          <\/div>\n          <\/a>\n        <\/article>\n              <article class=\"vkl-person\" data-role=\"administraatorid\">\n          <a class=\"vkl-person__link\" href=\"https:\/\/parnuloomakliinik.ee\/et\/inimesed\/kristel-patrak\/\" aria-label=\"Kristel Patrak\">\n            <div class=\"vkl-person__media\">\n              <div class=\"vkl-blob\" aria-hidden=\"true\"><\/div>\n              <div class=\"vkl-photo\">\n                <img src=\"https:\/\/parnuloomakliinik.ee\/wp-content\/uploads\/2026\/02\/kristel-patrak-1024x1024.jpg\" alt=\"Kristel Patrak\" loading=\"lazy\" decoding=\"async\">\n                <div class=\"vkl-overlay\" aria-hidden=\"true\">\n                  <div class=\"vkl-overlay__cta\">\n                    <span class=\"vkl-overlay__icon\">\ud83d\udd0e<\/span>\n                    <span class=\"vkl-overlay__text\">Loe l\u00e4hemalt<\/span>\n                  <\/div>\n                <\/div>\n              <\/div>\n            <\/div>\n            <div class=\"vkl-person__meta\">\n              <h4 class=\"vkl-person__name\">Kristel Patrak<\/h4>\n                              <p class=\"vkl-person__role\">Administraator<\/p>\n                            <div class=\"vkl-person__divider\" aria-hidden=\"true\"><\/div>\n                          <\/div>\n          <\/a>\n        <\/article>\n      \n    <\/div>\n\n\n\n        \n        \n  <\/div>\n<\/section>\n\n","protected":false},"excerpt":{"rendered":"","protected":false},"author":1,"featured_media":0,"parent":0,"menu_order":0,"comment_status":"closed","ping_status":"closed","template":"","meta":{"_acf_changed":false,"site-sidebar-layout":"default","site-content-layout":"","ast-site-content-layout":"default","site-content-style":"default","site-sidebar-style":"default","ast-global-header-display":"","ast-banner-title-visibility":"","ast-main-header-display":"","ast-hfb-above-header-display":"","ast-hfb-below-header-display":"","ast-hfb-mobile-header-display":"","site-post-title":"disabled","ast-breadcrumbs-content":"","ast-featured-img":"","footer-sml-layout":"","ast-disable-related-posts":"","theme-transparent-header-meta":"default","adv-header-id-meta":"","stick-header-meta":"","header-above-stick-meta":"","header-main-stick-meta":"","header-below-stick-meta":"","astra-migrate-meta-layouts":"set","ast-page-background-enabled":"default","ast-page-background-meta":{"desktop":{"background-color":"var(--ast-global-color-5)","background-image":"","background-repeat":"repeat","background-position":"center center","background-size":"auto","background-attachment":"scroll","background-type":"","background-media":"","overlay-type":"","overlay-color":"","overlay-opacity":"","overlay-gradient":""},"tablet":{"background-color":"","background-image":"","background-repeat":"repeat","background-position":"center center","background-size":"auto","background-attachment":"scroll","background-type":"","background-media":"","overlay-type":"","overlay-color":"","overlay-opacity":"","overlay-gradient":""},"mobile":{"background-color":"","background-image":"","background-repeat":"repeat","background-position":"center center","background-size":"auto","background-attachment":"scroll","background-type":"","background-media":"","overlay-type":"","overlay-color":"","overlay-opacity":"","overlay-gradient":""}},"ast-content-background-meta":{"desktop":{"background-color":"var(--ast-global-color-4)","background-image":"","background-repeat":"repeat","background-position":"center center","background-size":"auto","background-attachment":"scroll","background-type":"","background-media":"","overlay-type":"","overlay-color":"","overlay-opacity":"","overlay-gradient":""},"tablet":{"background-color":"var(--ast-global-color-4)","background-image":"","background-repeat":"repeat","background-position":"center center","background-size":"auto","background-attachment":"scroll","background-type":"","background-media":"","overlay-type":"","overlay-color":"","overlay-opacity":"","overlay-gradient":""},"mobile":{"background-color":"var(--ast-global-color-4)","background-image":"","background-repeat":"repeat","background-position":"center center","background-size":"auto","background-attachment":"scroll","background-type":"","background-media":"","overlay-type":"","overlay-color":"","overlay-opacity":"","overlay-gradient":""}},"footnotes":""},"class_list":["post-20","page","type-page","status-publish","hentry"],"acf":[],"_links":{"self":[{"href":"https:\/\/parnuloomakliinik.ee\/et\/wp-json\/wp\/v2\/pages\/20","targetHints":{"allow":["GET"]}}],"collection":[{"href":"https:\/\/parnuloomakliinik.ee\/et\/wp-json\/wp\/v2\/pages"}],"about":[{"href":"https:\/\/parnuloomakliinik.ee\/et\/wp-json\/wp\/v2\/types\/page"}],"author":[{"embeddable":true,"href":"https:\/\/parnuloomakliinik.ee\/et\/wp-json\/wp\/v2\/users\/1"}],"replies":[{"embeddable":true,"href":"https:\/\/parnuloomakliinik.ee\/et\/wp-json\/wp\/v2\/comments?post=20"}],"version-history":[{"count":1,"href":"https:\/\/parnuloomakliinik.ee\/et\/wp-json\/wp\/v2\/pages\/20\/revisions"}],"predecessor-version":[{"id":351,"href":"https:\/\/parnuloomakliinik.ee\/et\/wp-json\/wp\/v2\/pages\/20\/revisions\/351"}],"wp:attachment":[{"href":"https:\/\/parnuloomakliinik.ee\/et\/wp-json\/wp\/v2\/media?parent=20"}],"curies":[{"name":"wp","href":"https:\/\/api.w.org\/{rel}","templated":true}]}}